{"id":869,"date":"2024-09-24T12:24:22","date_gmt":"2024-09-24T12:24:22","guid":{"rendered":"https:\/\/revitalfysio.no\/?page_id=869"},"modified":"2025-08-12T09:05:40","modified_gmt":"2025-08-12T09:05:40","slug":"fysioterapeut-madleen-werner","status":"publish","type":"page","link":"https:\/\/revitalfysio.no\/index.php\/fysioterapeut-madleen-werner\/","title":{"rendered":"Fysioterapeut Madleen Werner"},"content":{"rendered":"<style>.kb-row-layout-id869_7440df-f2 > .kt-row-column-wrap{align-content:start;}:where(.kb-row-layout-id869_7440df-f2 > .kt-row-column-wrap) > .wp-block-kadence-column{justify-content:start;}.kb-row-layout-id869_7440df-f2 > .kt-row-column-wrap{column-gap:var(--global-kb-gap-md, 2rem);row-gap:var(--global-kb-gap-md, 2rem);padding-top:75px;padding-right:25px;padding-bottom:25px;padding-left:25px;grid-template-columns:minmax(0, 1fr);}.kb-row-layout-id869_7440df-f2{background-image:url('https:\/\/revitalfysio.no\/wp-content\/uploads\/2020\/01\/yoga-hero.jpg');background-size:cover;background-position:center center;background-attachment:scroll;background-repeat:no-repeat;}.kb-row-layout-id869_7440df-f2 > .kt-row-layout-overlay{opacity:0.55;background:linear-gradient(180deg, #505050 0%, #000000 100%);}@media all and (max-width: 1024px){.kb-row-layout-id869_7440df-f2 > .kt-row-column-wrap{grid-template-columns:minmax(0, 1fr);}}@media all and (max-width: 767px){.kb-row-layout-id869_7440df-f2 > .kt-row-column-wrap{grid-template-columns:minmax(0, 1fr);}}<\/style><div class=\"kb-row-layout-wrap kb-row-layout-id869_7440df-f2 alignnone kt-row-has-bg wp-block-kadence-rowlayout\"><div class=\"kt-row-layout-overlay kt-row-overlay-gradient\"><\/div><div class=\"kt-row-column-wrap kt-has-1-columns kt-row-layout-equal kt-tab-layout-inherit kt-mobile-layout-row kt-row-valign-top\">\n<style>.kadence-column869_0bd75e-f7 > .kt-inside-inner-col,.kadence-column869_0bd75e-f7 > .kt-inside-inner-col:before{border-top-left-radius:0px;border-top-right-radius:0px;border-bottom-right-radius:0px;border-bottom-left-radius:0px;}.kadence-column869_0bd75e-f7 > .kt-inside-inner-col{column-gap:var(--global-kb-gap-sm, 1rem);}.kadence-column869_0bd75e-f7 > .kt-inside-inner-col{flex-direction:column;}.kadence-column869_0bd75e-f7 > .kt-inside-inner-col > .aligncenter{width:100%;}.kadence-column869_0bd75e-f7 > .kt-inside-inner-col:before{opacity:0.3;}.kadence-column869_0bd75e-f7{position:relative;}@media all and (max-width: 1024px){.kadence-column869_0bd75e-f7 > .kt-inside-inner-col{flex-direction:column;justify-content:center;}}@media all and (max-width: 767px){.kadence-column869_0bd75e-f7 > .kt-inside-inner-col{flex-direction:column;justify-content:center;}}<\/style>\n<div class=\"wp-block-kadence-column kadence-column869_0bd75e-f7 inner-column-1\"><div class=\"kt-inside-inner-col\"><style>.wp-block-kadence-advancedheading.kt-adv-heading869_80b805-1d, .wp-block-kadence-advancedheading.kt-adv-heading869_80b805-1d[data-kb-block=\"kb-adv-heading869_80b805-1d\"]{margin-bottom:20px;text-align:center;font-size:90px;line-height:1.2em;font-weight:normal;font-style:normal;font-family:'DM Sans';color:#ffffff;}.wp-block-kadence-advancedheading.kt-adv-heading869_80b805-1d mark.kt-highlight, .wp-block-kadence-advancedheading.kt-adv-heading869_80b805-1d[data-kb-block=\"kb-adv-heading869_80b805-1d\"] mark.kt-highlight{font-weight:normal;font-style:normal;color:#f76a0c;-webkit-box-decoration-break:clone;box-decoration-break:clone;padding-top:0px;padding-right:0px;padding-bottom:0px;padding-left:0px;}.wp-block-kadence-advancedheading.kt-adv-heading869_80b805-1d img.kb-inline-image, .wp-block-kadence-advancedheading.kt-adv-heading869_80b805-1d[data-kb-block=\"kb-adv-heading869_80b805-1d\"] img.kb-inline-image{width:150px;vertical-align:baseline;}@media all and (max-width: 767px){.wp-block-kadence-advancedheading.kt-adv-heading869_80b805-1d, .wp-block-kadence-advancedheading.kt-adv-heading869_80b805-1d[data-kb-block=\"kb-adv-heading869_80b805-1d\"]{font-size:60px;}}<\/style>\n<h1 class=\"kt-adv-heading869_80b805-1d wp-block-kadence-advancedheading\" data-kb-block=\"kb-adv-heading869_80b805-1d\">Revital Fysioterapi<\/h1>\n\n\n<style>.wp-block-kadence-advancedheading.kt-adv-heading869_ccb0d1-fa, .wp-block-kadence-advancedheading.kt-adv-heading869_ccb0d1-fa[data-kb-block=\"kb-adv-heading869_ccb0d1-fa\"]{margin-top:25px;margin-bottom:0px;text-align:center;font-size:30px;font-weight:400;font-style:normal;font-family:'DM Sans';text-transform:uppercase;color:#ffffff;}.wp-block-kadence-advancedheading.kt-adv-heading869_ccb0d1-fa mark.kt-highlight, .wp-block-kadence-advancedheading.kt-adv-heading869_ccb0d1-fa[data-kb-block=\"kb-adv-heading869_ccb0d1-fa\"] mark.kt-highlight{font-family:'DM Sans';font-weight:400;font-style:normal;color:#f76a0c;-webkit-box-decoration-break:clone;box-decoration-break:clone;padding-top:0px;padding-right:0px;padding-bottom:0px;padding-left:0px;}.wp-block-kadence-advancedheading.kt-adv-heading869_ccb0d1-fa img.kb-inline-image, .wp-block-kadence-advancedheading.kt-adv-heading869_ccb0d1-fa[data-kb-block=\"kb-adv-heading869_ccb0d1-fa\"] img.kb-inline-image{width:150px;vertical-align:baseline;}@media all and (max-width: 767px){.wp-block-kadence-advancedheading.kt-adv-heading869_ccb0d1-fa, .wp-block-kadence-advancedheading.kt-adv-heading869_ccb0d1-fa[data-kb-block=\"kb-adv-heading869_ccb0d1-fa\"]{font-size:20px;}}<\/style>\n<h2 class=\"kt-adv-heading869_ccb0d1-fa wp-block-kadence-advancedheading\" data-kb-block=\"kb-adv-heading869_ccb0d1-fa\"><strong>Fysioterapi &amp; Trening<\/strong> <\/h2>\n\n\n<style>.wp-block-kadence-advancedheading.kt-adv-heading869_61b800-20, .wp-block-kadence-advancedheading.kt-adv-heading869_61b800-20[data-kb-block=\"kb-adv-heading869_61b800-20\"]{margin-top:0px;margin-bottom:50px;text-align:center;font-size:30px;font-weight:400;font-style:normal;font-family:'DM Sans';text-transform:uppercase;color:#ffffff;}.wp-block-kadence-advancedheading.kt-adv-heading869_61b800-20 mark.kt-highlight, .wp-block-kadence-advancedheading.kt-adv-heading869_61b800-20[data-kb-block=\"kb-adv-heading869_61b800-20\"] mark.kt-highlight{font-family:'DM Sans';font-weight:400;font-style:normal;color:#f76a0c;-webkit-box-decoration-break:clone;box-decoration-break:clone;padding-top:0px;padding-right:0px;padding-bottom:0px;padding-left:0px;}.wp-block-kadence-advancedheading.kt-adv-heading869_61b800-20 img.kb-inline-image, .wp-block-kadence-advancedheading.kt-adv-heading869_61b800-20[data-kb-block=\"kb-adv-heading869_61b800-20\"] img.kb-inline-image{width:150px;vertical-align:baseline;}@media all and (max-width: 767px){.wp-block-kadence-advancedheading.kt-adv-heading869_61b800-20, .wp-block-kadence-advancedheading.kt-adv-heading869_61b800-20[data-kb-block=\"kb-adv-heading869_61b800-20\"]{font-size:20px;}}<\/style>\n<h2 class=\"kt-adv-heading869_61b800-20 wp-block-kadence-advancedheading\" data-kb-block=\"kb-adv-heading869_61b800-20\"><strong>Madleen Werner<\/strong><\/h2>\n\n\n<style>.wp-block-kadence-advancedheading.kt-adv-heading869_a7b8e9-e0, .wp-block-kadence-advancedheading.kt-adv-heading869_a7b8e9-e0[data-kb-block=\"kb-adv-heading869_a7b8e9-e0\"]{margin-top:25px;margin-bottom:50px;text-align:center;font-size:25px;font-weight:400;font-style:normal;font-family:'DM Sans';text-transform:uppercase;color:#ffffff;}.wp-block-kadence-advancedheading.kt-adv-heading869_a7b8e9-e0 mark.kt-highlight, .wp-block-kadence-advancedheading.kt-adv-heading869_a7b8e9-e0[data-kb-block=\"kb-adv-heading869_a7b8e9-e0\"] mark.kt-highlight{font-family:'DM Sans';font-weight:400;font-style:normal;color:#f76a0c;-webkit-box-decoration-break:clone;box-decoration-break:clone;padding-top:0px;padding-right:0px;padding-bottom:0px;padding-left:0px;}.wp-block-kadence-advancedheading.kt-adv-heading869_a7b8e9-e0 img.kb-inline-image, .wp-block-kadence-advancedheading.kt-adv-heading869_a7b8e9-e0[data-kb-block=\"kb-adv-heading869_a7b8e9-e0\"] img.kb-inline-image{width:150px;vertical-align:baseline;}@media all and (max-width: 767px){.wp-block-kadence-advancedheading.kt-adv-heading869_a7b8e9-e0, .wp-block-kadence-advancedheading.kt-adv-heading869_a7b8e9-e0[data-kb-block=\"kb-adv-heading869_a7b8e9-e0\"]{font-size:20px;}}<\/style>\n<h3 class=\"kt-adv-heading869_a7b8e9-e0 wp-block-kadence-advancedheading\" data-kb-block=\"kb-adv-heading869_a7b8e9-e0\"><strong>Skien, Bakkane 103<\/strong><\/h3>\n\n\n<style>.kt-svg-icons869_5c9349-e2 .kt-svg-item-0 .kb-svg-icon-wrap{color:var(--global-palette4, #2D3748);font-size:50px;}.wp-block-kadence-icon.kt-svg-icons869_5c9349-e2{justify-content:center;}<\/style>\n<div class=\"wp-block-kadence-icon kt-svg-icons kt-svg-icons869_5c9349-e2 alignnone\"><style>.kt-svg-item-869_67d38e-42 .kb-svg-icon-wrap, .kt-svg-style-stacked.kt-svg-item-869_67d38e-42 .kb-svg-icon-wrap{font-size:50px;margin-bottom:0px;}<\/style>\n<div class=\"wp-block-kadence-single-icon kt-svg-style-default kt-svg-icon-wrap kt-svg-item-869_67d38e-42\"><span class=\"kb-svg-icon-wrap kb-svg-icon-fe_phone\"><svg viewBox=\"0 0 24 24\"  fill=\"none\" stroke=\"currentColor\" stroke-width=\"1.5\" stroke-linecap=\"round\" stroke-linejoin=\"round\" xmlns=\"http:\/\/www.w3.org\/2000\/svg\"  aria-hidden=\"true\"><path d=\"M22 16.92v3a2 2 0 0 1-2.18 2 19.79 19.79 0 0 1-8.63-3.07 19.5 19.5 0 0 1-6-6 19.79 19.79 0 0 1-3.07-8.67A2 2 0 0 1 4.11 2h3a2 2 0 0 1 2 1.72 12.84 12.84 0 0 0 .7 2.81 2 2 0 0 1-.45 2.11L8.09 9.91a16 16 0 0 0 6 6l1.27-1.27a2 2 0 0 1 2.11-.45 12.84 12.84 0 0 0 2.81.7A2 2 0 0 1 22 16.92z\"\/><\/svg><\/span><\/div>\n<\/div>\n\n\n<style>.wp-block-kadence-advancedheading.kt-adv-heading869_aae50c-90, .wp-block-kadence-advancedheading.kt-adv-heading869_aae50c-90[data-kb-block=\"kb-adv-heading869_aae50c-90\"]{margin-top:25px;margin-bottom:50px;text-align:center;font-size:25px;font-weight:400;font-style:normal;font-family:'DM Sans';text-transform:uppercase;color:#ffffff;}.wp-block-kadence-advancedheading.kt-adv-heading869_aae50c-90 mark.kt-highlight, .wp-block-kadence-advancedheading.kt-adv-heading869_aae50c-90[data-kb-block=\"kb-adv-heading869_aae50c-90\"] mark.kt-highlight{font-family:'DM Sans';font-weight:400;font-style:normal;color:#f76a0c;-webkit-box-decoration-break:clone;box-decoration-break:clone;padding-top:0px;padding-right:0px;padding-bottom:0px;padding-left:0px;}.wp-block-kadence-advancedheading.kt-adv-heading869_aae50c-90 img.kb-inline-image, .wp-block-kadence-advancedheading.kt-adv-heading869_aae50c-90[data-kb-block=\"kb-adv-heading869_aae50c-90\"] img.kb-inline-image{width:150px;vertical-align:baseline;}@media all and (max-width: 767px){.wp-block-kadence-advancedheading.kt-adv-heading869_aae50c-90, .wp-block-kadence-advancedheading.kt-adv-heading869_aae50c-90[data-kb-block=\"kb-adv-heading869_aae50c-90\"]{font-size:20px;}}<\/style>\n<h3 class=\"kt-adv-heading869_aae50c-90 wp-block-kadence-advancedheading\" data-kb-block=\"kb-adv-heading869_aae50c-90\"><strong>936 25 862<\/strong><\/h3>\n\n\n<style>.wp-block-kadence-advancedbtn.kb-btns869_505c4c-41{gap:var(--global-kb-gap-xs, 0.5rem );justify-content:center;align-items:center;}.kt-btns869_505c4c-41 .kt-button{font-weight:normal;font-style:normal;}.kt-btns869_505c4c-41 .kt-btn-wrap-0{margin-right:5px;}.wp-block-kadence-advancedbtn.kt-btns869_505c4c-41 .kt-btn-wrap-0 .kt-button{color:#555555;border-color:#555555;}.wp-block-kadence-advancedbtn.kt-btns869_505c4c-41 .kt-btn-wrap-0 .kt-button:hover, .wp-block-kadence-advancedbtn.kt-btns869_505c4c-41 .kt-btn-wrap-0 .kt-button:focus{color:#ffffff;border-color:#444444;}.wp-block-kadence-advancedbtn.kt-btns869_505c4c-41 .kt-btn-wrap-0 .kt-button::before{display:none;}.wp-block-kadence-advancedbtn.kt-btns869_505c4c-41 .kt-btn-wrap-0 .kt-button:hover, .wp-block-kadence-advancedbtn.kt-btns869_505c4c-41 .kt-btn-wrap-0 .kt-button:focus{background:#444444;}<\/style>\n<div class=\"wp-block-kadence-advancedbtn kb-buttons-wrap kb-btns869_505c4c-41\"><style>ul.menu .wp-block-kadence-advancedbtn .kb-btn869_53d170-ca.kb-button{width:initial;}.wp-block-kadence-advancedbtn .kb-btn869_53d170-ca.kb-button{font-size:25px;font-family:'Open Sans';font-weight:400;}<\/style><a class=\"kb-button kt-button button kb-btn869_53d170-ca kt-btn-size-xlarge kt-btn-width-type-auto kb-btn-global-fill  kt-btn-has-text-true kt-btn-has-svg-false  wp-block-kadence-singlebtn\" href=\"https:\/\/revitalfysio.no\/index.php\/kontakt\/\"><span class=\"kt-btn-inner-text\">Bestill time<\/span><\/a><\/div>\n<\/div><\/div>\n\n<\/div><\/div>\n\n<style>.kb-row-layout-id869_cab9ef-28 > .kt-row-column-wrap{align-content:start;}:where(.kb-row-layout-id869_cab9ef-28 > .kt-row-column-wrap) > .wp-block-kadence-column{justify-content:start;}.kb-row-layout-id869_cab9ef-28 > .kt-row-column-wrap{column-gap:var(--global-kb-gap-md, 2rem);row-gap:var(--global-kb-gap-md, 2rem);max-width:var( --global-content-width, 1290px );padding-left:var(--global-content-edge-padding);padding-right:var(--global-content-edge-padding);padding-top:var(--global-kb-spacing-sm, 1.5rem);padding-bottom:var(--global-kb-spacing-sm, 1.5rem);grid-template-columns:minmax(0, calc(40% - ((var(--global-kb-gap-md, 2rem) * 1 )\/2)))minmax(0, calc(60% - ((var(--global-kb-gap-md, 2rem) * 1 )\/2)));}.kb-row-layout-id869_cab9ef-28 > .kt-row-layout-overlay{opacity:0.30;}@media all and (max-width: 1024px){.kb-row-layout-id869_cab9ef-28 > .kt-row-column-wrap{grid-template-columns:repeat(2, minmax(0, 1fr));}}@media all and (max-width: 767px){.kb-row-layout-id869_cab9ef-28 > .kt-row-column-wrap{grid-template-columns:minmax(0, 1fr);}}<\/style><div class=\"kb-row-layout-wrap kb-row-layout-id869_cab9ef-28 alignnone wp-block-kadence-rowlayout\"><div class=\"kt-row-column-wrap kt-has-2-columns kt-row-layout-equal kt-tab-layout-inherit kt-mobile-layout-row kt-row-valign-top kb-theme-content-width\">\n<style>.kadence-column869_4f5090-47 > .kt-inside-inner-col{display:flex;}.kadence-column869_4f5090-47 > .kt-inside-inner-col,.kadence-column869_4f5090-47 > .kt-inside-inner-col:before{border-top-left-radius:0px;border-top-right-radius:0px;border-bottom-right-radius:0px;border-bottom-left-radius:0px;}.kadence-column869_4f5090-47 > .kt-inside-inner-col{row-gap:var(--global-kb-gap-md, 2rem);column-gap:var(--global-kb-gap-sm, 1rem);}.kadence-column869_4f5090-47 > .kt-inside-inner-col{flex-direction:column;align-items:center;}.kadence-column869_4f5090-47 > .kt-inside-inner-col > .kb-image-is-ratio-size{align-self:stretch;}.kadence-column869_4f5090-47 > .kt-inside-inner-col > .wp-block-kadence-advancedgallery{align-self:stretch;}.kadence-column869_4f5090-47 > .kt-inside-inner-col > .aligncenter{width:100%;}.kadence-column869_4f5090-47 > .kt-inside-inner-col:before{opacity:0.3;}.kadence-column869_4f5090-47{position:relative;}@media all and (max-width: 1024px){.kadence-column869_4f5090-47 > .kt-inside-inner-col{flex-direction:column;justify-content:center;align-items:center;}}@media all and (max-width: 767px){.kadence-column869_4f5090-47 > .kt-inside-inner-col{flex-direction:column;justify-content:center;align-items:center;}}<\/style>\n<div class=\"wp-block-kadence-column kadence-column869_4f5090-47\"><div class=\"kt-inside-inner-col\">\n<div class=\"wp-block-uagb-image uagb-block-0c6619a1 wp-block-uagb-image--layout-default wp-block-uagb-image--effect-static wp-block-uagb-image--align-none\"><figure class=\"wp-block-uagb-image__figure\"><img decoding=\"async\" data-srcset=\"https:\/\/revitalfysio.no\/wp-content\/uploads\/2025\/08\/Profilbild-1-768x1024.jpeg ,https:\/\/revitalfysio.no\/wp-content\/uploads\/2025\/08\/Profilbild-1-scaled.jpeg 780w, https:\/\/revitalfysio.no\/wp-content\/uploads\/2025\/08\/Profilbild-1-scaled.jpeg 360w\" data-sizes=\"auto, (max-width: 480px) 150px\" data-src=\"https:\/\/revitalfysio.no\/wp-content\/uploads\/2025\/08\/Profilbild-1-768x1024.jpeg\" alt=\"\" class=\"uag-image-907 lazyload\" width=\"480\" height=\"640\" title=\"Profilbild\" role=\"img\" src=\"data:image\/svg+xml;base64,PHN2ZyB3aWR0aD0iMSIgaGVpZ2h0PSIxIiB4bWxucz0iaHR0cDovL3d3dy53My5vcmcvMjAwMC9zdmciPjwvc3ZnPg==\" style=\"--smush-placeholder-width: 480px; --smush-placeholder-aspect-ratio: 480\/640;\" \/><\/figure><\/div>\n<\/div><\/div>\n\n\n<style>.kadence-column869_236f3b-d4 > .kt-inside-inner-col,.kadence-column869_236f3b-d4 > .kt-inside-inner-col:before{border-top-left-radius:0px;border-top-right-radius:0px;border-bottom-right-radius:0px;border-bottom-left-radius:0px;}.kadence-column869_236f3b-d4 > .kt-inside-inner-col{column-gap:var(--global-kb-gap-sm, 1rem);}.kadence-column869_236f3b-d4 > .kt-inside-inner-col{flex-direction:column;}.kadence-column869_236f3b-d4 > .kt-inside-inner-col > .aligncenter{width:100%;}.kadence-column869_236f3b-d4 > .kt-inside-inner-col{background-color:var(--global-palette8, #F7FAFC);}.kadence-column869_236f3b-d4 > .kt-inside-inner-col:before{opacity:0.3;}.kadence-column869_236f3b-d4{text-align:left;}.kadence-column869_236f3b-d4{position:relative;}@media all and (max-width: 1024px){.kadence-column869_236f3b-d4 > .kt-inside-inner-col{flex-direction:column;justify-content:center;}}@media all and (max-width: 767px){.kadence-column869_236f3b-d4 > .kt-inside-inner-col{flex-direction:column;justify-content:center;}}<\/style>\n<div class=\"wp-block-kadence-column kadence-column869_236f3b-d4\"><div class=\"kt-inside-inner-col\"><style>.wp-block-kadence-advancedheading.kt-adv-heading869_df9330-3a, .wp-block-kadence-advancedheading.kt-adv-heading869_df9330-3a[data-kb-block=\"kb-adv-heading869_df9330-3a\"]{font-size:var(--global-kb-font-size-md, 1.25rem);font-weight:400;font-style:normal;font-family:'Open Sans';}.wp-block-kadence-advancedheading.kt-adv-heading869_df9330-3a mark.kt-highlight, .wp-block-kadence-advancedheading.kt-adv-heading869_df9330-3a[data-kb-block=\"kb-adv-heading869_df9330-3a\"] mark.kt-highlight{font-style:normal;color:#f76a0c;-webkit-box-decoration-break:clone;box-decoration-break:clone;padding-top:0px;padding-right:0px;padding-bottom:0px;padding-left:0px;}.wp-block-kadence-advancedheading.kt-adv-heading869_df9330-3a img.kb-inline-image, .wp-block-kadence-advancedheading.kt-adv-heading869_df9330-3a[data-kb-block=\"kb-adv-heading869_df9330-3a\"] img.kb-inline-image{width:150px;vertical-align:baseline;}<\/style>\n<p class=\"kt-adv-heading869_df9330-3a wp-block-kadence-advancedheading\" data-kb-block=\"kb-adv-heading869_df9330-3a\">Jeg tok utdannelsen min i Berlin og har jobbet som fysioterapeut siden 2008. <br><br>Jeg har spesialisert meg i ortopedi og nevrologi, og har dermed bred kunnskap om muskel- og skjelettplager for \u00e5 kunne hjelpe deg best mulig. <br><br>For meg er det viktig \u00e5 se helheten i problemstillingen. Jeg liker \u00e5 jobbe manuelt og har mye kunnskap om trening, noe som er viktig for \u00e5 veilede deg i hvordan du kan ta vare p\u00e5 kroppen din selv med tilpassede \u00f8velser. <br><br>I tillegg har jeg v\u00e6rt Pilates-instrukt\u00f8r i over 14 \u00e5r, en effektiv treningsform som forbedrer holdningen og styrker hele kroppen.<\/p>\n<\/div><\/div>\n\n<\/div><\/div>","protected":false},"excerpt":{"rendered":"<p>Revital Fysioterapi Fysioterapi &amp; Trening Madleen Werner Skien, Bakkane 103 936 25 862 Jeg tok utdannelsen min i Berlin og har jobbet som fysioterapeut siden 2008. Jeg har spesialisert meg i ortopedi og nevrologi, og har dermed bred kunnskap om muskel- og skjelettplager for \u00e5 kunne hjelpe deg best mulig. For meg er det viktig&#8230;<\/p>\n","protected":false},"author":2,"featured_media":0,"parent":0,"menu_order":0,"comment_status":"closed","ping_status":"closed","template":"","meta":{"om_disable_all_campaigns":false,"_uag_custom_page_level_css":"","_monsterinsights_skip_tracking":false,"_monsterinsights_sitenote_active":false,"_monsterinsights_sitenote_note":"","_monsterinsights_sitenote_category":0,"_kadence_starter_templates_imported_post":false,"_kad_post_transparent":"","_kad_post_title":"","_kad_post_layout":"","_kad_post_sidebar_id":"","_kad_post_content_style":"","_kad_post_vertical_padding":"","_kad_post_feature":"","_kad_post_feature_position":"","_kad_post_header":false,"_kad_post_footer":false,"_kad_post_classname":"","footnotes":""},"class_list":["post-869","page","type-page","status-publish","hentry"],"aioseo_notices":[],"uagb_featured_image_src":{"full":false,"thumbnail":false,"medium":false,"medium_large":false,"large":false,"1536x1536":false,"2048x2048":false},"uagb_author_info":{"display_name":"Ronald","author_link":"https:\/\/revitalfysio.no\/index.php\/author\/ronald\/"},"uagb_comment_info":0,"uagb_excerpt":"Revital Fysioterapi Fysioterapi &amp; Trening Madleen Werner Skien, Bakkane 103 936 25 862 Jeg tok utdannelsen min i Berlin og har jobbet som fysioterapeut siden 2008. Jeg har spesialisert meg i ortopedi og nevrologi, og har dermed bred kunnskap om muskel- og skjelettplager for \u00e5 kunne hjelpe deg best mulig. For meg er det viktig...","_links":{"self":[{"href":"https:\/\/revitalfysio.no\/index.php\/wp-json\/wp\/v2\/pages\/869","targetHints":{"allow":["GET"]}}],"collection":[{"href":"https:\/\/revitalfysio.no\/index.php\/wp-json\/wp\/v2\/pages"}],"about":[{"href":"https:\/\/revitalfysio.no\/index.php\/wp-json\/wp\/v2\/types\/page"}],"author":[{"embeddable":true,"href":"https:\/\/revitalfysio.no\/index.php\/wp-json\/wp\/v2\/users\/2"}],"replies":[{"embeddable":true,"href":"https:\/\/revitalfysio.no\/index.php\/wp-json\/wp\/v2\/comments?post=869"}],"version-history":[{"count":8,"href":"https:\/\/revitalfysio.no\/index.php\/wp-json\/wp\/v2\/pages\/869\/revisions"}],"predecessor-version":[{"id":909,"href":"https:\/\/revitalfysio.no\/index.php\/wp-json\/wp\/v2\/pages\/869\/revisions\/909"}],"wp:attachment":[{"href":"https:\/\/revitalfysio.no\/index.php\/wp-json\/wp\/v2\/media?parent=869"}],"curies":[{"name":"wp","href":"https:\/\/api.w.org\/{rel}","templated":true}]}}